{"id":1859,"date":"2026-03-11T11:56:46","date_gmt":"2026-03-11T11:56:46","guid":{"rendered":"https:\/\/megasante.com\/?page_id=1859"},"modified":"2026-03-11T11:56:47","modified_gmt":"2026-03-11T11:56:47","slug":"contact","status":"publish","type":"page","link":"https:\/\/megasante.com\/index.php\/contact\/","title":{"rendered":"Contact"},"content":{"rendered":"\n<h1 class=\"wp-block-heading\">Nous contacter<\/h1>\n\n\n\n<p>Vous avez une question, une suggestion ou souhaitez nous signaler une information concernant un article publi\u00e9 sur <strong>MegaSant\u00e9<\/strong> ?<\/p>\n\n\n\n<p>Notre \u00e9quipe reste \u00e0 votre \u00e9coute et fera de son mieux pour vous r\u00e9pondre dans les plus brefs d\u00e9lais.<\/p>\n\n\n\n<hr class=\"wp-block-separator has-alpha-channel-opacity\"\/>\n\n\n\n<h2 class=\"wp-block-heading\">Adresse de contact<\/h2>\n\n\n\n<p>Pour toute demande g\u00e9n\u00e9rale, vous pouvez nous \u00e9crire \u00e0 l\u2019adresse suivante :<\/p>\n\n\n\n<p><a href=\"mailto:contact@megasante.com\">contact@megasante.com<\/a><\/p>\n\n\n\n<hr class=\"wp-block-separator has-alpha-channel-opacity\"\/>\n\n\n\n<h2 class=\"wp-block-heading\">Suggestions et remarques<\/h2>\n\n\n\n<p>Les retours de nos lecteurs sont essentiels pour am\u00e9liorer continuellement le contenu du site.<br>Si vous avez une suggestion d\u2019article, une remarque ou une question concernant un sujet de sant\u00e9 abord\u00e9 sur MegaSant\u00e9, n\u2019h\u00e9sitez pas \u00e0 nous contacter.<\/p>\n\n\n\n<hr class=\"wp-block-separator has-alpha-channel-opacity\"\/>\n\n\n\n<h2 class=\"wp-block-heading\">Collaboration et partenariats<\/h2>\n\n\n\n<p>Pour toute proposition de collaboration \u00e9ditoriale, partenariat ou demande professionnelle, merci d\u2019indiquer clairement l\u2019objet de votre message afin de faciliter le traitement de votre demande.<\/p>\n\n\n\n<hr class=\"wp-block-separator has-alpha-channel-opacity\"\/>\n\n\n\n<h2 class=\"wp-block-heading\">Important<\/h2>\n\n\n\n<p>Nous ne fournissons pas de consultations m\u00e9dicales par email.<br>Pour toute question m\u00e9dicale personnelle ou urgente, veuillez consulter un professionnel de sant\u00e9 qualifi\u00e9.<\/p>\n\n\n\n<hr class=\"wp-block-separator has-alpha-channel-opacity\"\/>\n\n\n\n<p>Merci de votre int\u00e9r\u00eat pour <strong>MegaSant\u00e9<\/strong>.<\/p>\n","protected":false},"excerpt":{"rendered":"<p>Nous contacter Vous avez une question, une suggestion ou souhaitez nous signaler une information concernant un article publi\u00e9 sur MegaSant\u00e9 ? Notre \u00e9quipe reste \u00e0 votre \u00e9coute et fera de son mieux pour vous r\u00e9pondre dans les plus brefs d\u00e9lais. Adresse de contact Pour toute demande g\u00e9n\u00e9rale, vous pouvez nous \u00e9crire \u00e0 l\u2019adresse suivante : [&hellip;]<\/p>\n","protected":false},"author":1,"featured_media":0,"parent":0,"menu_order":0,"comment_status":"closed","ping_status":"closed","template":"","meta":{"footnotes":""},"class_list":["post-1859","page","type-page","status-publish","hentry"],"_links":{"self":[{"href":"https:\/\/megasante.com\/index.php\/wp-json\/wp\/v2\/pages\/1859","targetHints":{"allow":["GET"]}}],"collection":[{"href":"https:\/\/megasante.com\/index.php\/wp-json\/wp\/v2\/pages"}],"about":[{"href":"https:\/\/megasante.com\/index.php\/wp-json\/wp\/v2\/types\/page"}],"author":[{"embeddable":true,"href":"https:\/\/megasante.com\/index.php\/wp-json\/wp\/v2\/users\/1"}],"replies":[{"embeddable":true,"href":"https:\/\/megasante.com\/index.php\/wp-json\/wp\/v2\/comments?post=1859"}],"version-history":[{"count":1,"href":"https:\/\/megasante.com\/index.php\/wp-json\/wp\/v2\/pages\/1859\/revisions"}],"predecessor-version":[{"id":1860,"href":"https:\/\/megasante.com\/index.php\/wp-json\/wp\/v2\/pages\/1859\/revisions\/1860"}],"wp:attachment":[{"href":"https:\/\/megasante.com\/index.php\/wp-json\/wp\/v2\/media?parent=1859"}],"curies":[{"name":"wp","href":"https:\/\/api.w.org\/{rel}","templated":true}]}}